{"id":60,"date":"2016-08-13T14:18:16","date_gmt":"2016-08-13T12:18:16","guid":{"rendered":"http:\/\/www.biolog.world\/?page_id=60"},"modified":"2021-06-09T21:08:34","modified_gmt":"2021-06-09T19:08:34","slug":"studienlehrgang","status":"publish","type":"page","link":"http:\/\/www.biolog.world\/en\/studienlehrgang\/","title":{"rendered":"Montessori Adolescent Studies"},"content":{"rendered":"<p><div id=\"slidingtabs_398\" class=\"slidingtabs contrast contrast-horizontal align_top\" ><div class=\"st_tabs\"><a href=\"#\" class=\"st_prev\">prev<\/a><a href=\"#\" class=\"st_next\">next<\/a><div class=\"st_tabs_wrap\"><ul class=\"st_tabs_ul\"><li class=\"st_li_first st_li_active\"><a href=\"#tab-4\" rel=\"tab-4\" class=\"st_tab st_tab_1 st_tab_first st_tab_active\">von allem sein<\/a><\/li><li><a href=\"#tab-1\" rel=\"tab-1\" class=\"st_tab st_tab_2\">course schedule<\/a><\/li><li><a href=\"#tab-2\" rel=\"tab-2\" class=\"st_tab st_tab_3\">organisation<\/a><\/li><li><a href=\"#tab-3\" rel=\"tab-3\" class=\"st_tab st_tab_4\">course modules<\/a><\/li><li class=\"st_li_last\"><a href=\"#tab-5\" rel=\"tab-5\" class=\"st_tab st_tab_5 st_tab_last\">registration<\/a><\/li><\/ul><\/div><\/div><div class=\"st_views\"><div class=\"tab-4 st_view st_view_first\"><div class=\"st_view_inner\"><h3><strong><span style=\"color: #619c19;\">von allem sein<\/span><\/strong><\/h3>\n<p><b>Intensive Course<\/b><strong> 2024-2027, Ekker\u00f8y, Varanger, Norwegen<\/strong><\/p>\n<p><span style=\"color: #619c19;\">Montessori pedagogy to the higher maturity | connected thinking and teaching | a cosmos of complete order and poetry<\/span><\/p>\n<p>An intensive, three-year training program provides interested people with the opportunity to experience self-learning in a unique environment, to combine the knowledge necessary for a higher level of maturity in practical work, model-oriented for the monitoring of children and adolescents.<\/p>\n<p>In three modules, each lasting 21 days, a cognitive framework is developed in the sense of the cosmic doctrine Maria Montessori, which in its entirety captures all the essential building blocks of today's world knowledge.<\/p>\n<p>For the conversation and representation of such an intense world connection, it needs the poetry of narrative and the drawings to nature. These two tools will also be taught and learnt during the course.<\/p>\n<p>The individual topics of the course are sketched, designed and executed by the participants. As books connecting the narrative on the origin of the earth and its continents, the evolutionary history, the appearance of people and many other topics that will arise during the course weeks.<\/p>\n<p>The modules are scientifically supported and comprehensive studies in natures open air alternate with work in the study room. Detailed documentation, working materials, and an extensive collection of podcasts are included in the course, as well as several supervision dates between the individual modules.<\/p>\n<\/div><\/div><div class=\"tab-1 st_view\"><div class=\"st_view_inner\"><p><span style=\"color: #619c19;\"><strong>von allem sein<\/strong><\/span> takes place in an exceptional place in the north of Europe. No other area on our continent offers such an abundance of different sizable landscapes like the arctic life in the north of Norway. Enchanting fjord landscapes along the Gulf Stream, freshwater lakes in the middle of an endless mountain range, wide wool grass meadows in the moors of the taiga and high alpine rocky deserts as silent messengers of the last ice age.<\/p>\n<p><img class=\"alignleft wp-image-190 size-full\" src=\"https:\/\/i0.wp.com\/www.biolog.world\/wp-content\/uploads\/2016\/11\/flats-ekkeroy-1024x685-e1480536638918.jpg?resize=200%2C134\" alt=\"flats-ekkeroy-1024x685\" width=\"200\" height=\"134\" data-recalc-dims=\"1\" \/>For 21 days each in the light of the midnight sun, you will find wonderful opportunities to study the central cosmic themes in nature and to document them in the old village school on an island in the Varangerfjord. At the end of the three-year course, all participants should have not only acquired an intensive, connected knowledge, but also have prepared it in sketches, works and books, as a basis for the support of young people in schools up to the higher maturity.<\/p>\n<p>The specificity of the environment, the light of the midnight sun, which blurs the day's work and the unique, gulf-coloured climate near the North Pole, provides a setting that makes it easy to leave the customary and experience new connected experiences. Exceptional knowledge of the area by the course instructors and the assistance of experts will also make it possible to find out how study trips and excursions for young people can be prepared and accomplished.<\/p>\n<p><span style=\"color: #619c19;\"><strong>Von allem sein<\/strong><\/span> this also means that this training would not be different from the previous, but in all respects unique. For the first time, there is the possibility to study the cosmic curriculum of Maria Montessori for young people on the way to higher maturity, to create the necessary teaching aids and work plans, and to develop awareness of the high scientific and poetic atmosphere of these years.<\/p>\n<\/div><\/div><div class=\"tab-2 st_view\"><div class=\"st_view_inner\"><p><span style=\"color: #619c19;\"><strong>von allem sein<\/strong><\/span> - the notable details of the training shows the unique desire not to adopt to the conventionality, but embrace in the totally new. This challenges us, presses us and creates a desire - a beginning<\/p>\n<p><span style=\"color: #619c19;\"><strong>Course location:<\/strong><\/span> The course location is on the island of Ekker\u00f8y near the town Vads\u00f8 in Northern Norway. There is an old beet house with two apartments for the participants. A few steps away is the islands old village school, where for three weeks of the Arctic summer, the study rooms will be environmentally prepared for the learners.<\/p>\n<p><span style=\"color: #619c19;\"><strong>Meals:<\/strong><\/span> Breakfast is prepared in the apartments, the daily catering is organised according to the activities. The communal kitchen and the dinner at the end of an eventful day gives the opportunity to exchange and reflect.<\/p>\n<p><span style=\"color: #619c19;\"><strong>Course dates:<\/strong><\/span><\/p>\n<p>Module 1 \u2013 First earth \u00a0 \u00a0 \u00a0 \u00a0 \u00a0 \u00a0 8th July 2024 to 29th July 2024<br \/>\nModule 2 \u2013 First life \u00a0 \u00a0 \u00a0 \u00a0 \u00a0 \u00a0 \u00a0 \u00a07th July 2025 to 28th July 2025<br \/>\nModule 3 \u2013 First thought \u00a0 \u00a0 \u00a013th July 2026 bis 3rd August 2026<\/p>\n<p><span style=\"color: #619c19;\"><strong>Costs:<\/strong><\/span> The course costs include all accommodation except for the journey, which is to be organised by the participants individually. Accommodation, meals, entrances, transport (rental cars) and all course materials and work equipment are included in the price.<\/p>\n<p>Each module costs 5.800.- Euro, payable in two installments before the start of the course.<\/p>\n<p><span style=\"color: #619c19;\"><strong>Registration:<\/strong><\/span>\u00a0\u00a0Registrations will be accepted from now on. The minimum number of participants is 8, a total of 10 places are available.<\/p>\n<\/div><\/div><div class=\"tab-3 st_view\"><div class=\"st_view_inner\"><p><span style=\"color: #619c19;\"><strong>Module 1: First earth<\/strong><\/span><\/p>\n<p>History of the earth<br \/>\nA nebula\u00a0world and star time<br \/>\nThe birth of the heavenly bodies<br \/>\nInfinite boundaries in cosmic order<br \/>\nOur cosmic home<br \/>\nThe geological time and its phenomena<br \/>\nThe constant transformations of the earth's crust<br \/>\nThe origin of the ocean floors and mountains<br \/>\nThe cycle of the rocks<br \/>\nFrom flowing, streaming, and drifting<br \/>\nThe spheres and their circuits\u2028From studying landscapes<br \/>\nFrom studying the continents<\/p>\n<p><span style=\"color: #619c19;\"><strong>Module 2:\u00a0First life<\/strong><\/span><\/p>\n<p>The origin of life on earth<br \/>\nTimelines of life<br \/>\nThe climate zones of the earth<br \/>\nThe land of plants and animals<br \/>\nEvolution in the mirror of the earth's history<br \/>\nThe blueprints of life<br \/>\nTransformations in connections<br \/>\nClassification and determination<\/p>\n<p><span style=\"color: #619c19;\"><strong>Module 3:\u00a0First thought<\/strong><\/span><\/p>\n<p>The coming of man<br \/>\nTimelines of the hominids<br \/>\nArchitectural studies of man<br \/>\nHuman needs and human tendencies<br \/>\nFirst symbols<br \/>\nUs and our history<br \/>\nCultural techniques in the mirror of man's developmental history...<\/p>\n<\/div><\/div><div class=\"tab-5 st_view\"><div class=\"st_view_inner\"><p><!-- PWebContact --><\/p>\n<div id=\"pwebcontact3\" class=\"pwebcontact  pweb-static pweb-theme-clean pweb-labels-above pweb-gradient\" dir=\"ltr\">\n<div id=\"pwebcontact3_box\" class=\"pwebcontact-box pweb-static pweb-theme-clean pweb-labels-above pweb-gradient \" dir=\"ltr\">\n<div class=\"pwebcontact-container-outset\">\n<div id=\"pwebcontact3_container\" class=\"pwebcontact-container\">\n<div class=\"pwebcontact-container-inset\">\n<form name=\"pwebcontact3_form\" id=\"pwebcontact3_form\" class=\"pwebcontact-form\" action=\"http:\/\/www.biolog.world\/en\" method=\"post\" accept-charset=\"utf-8\">\n<div class=\"pweb-fields\">\n<div class=\"pweb-row\">\n<div>\n<div class=\"pweb-field-container pweb-field-checkbox pweb-field-ichmeldemichverbindlichzumausgewhltenmontessoriintensivlehrgangvonallemseinan\">\n<div class=\"pweb-field\">\n\t\t\t\t\t\t\t\t\t\t\t\t\t\t\t<input type=\"checkbox\" name=\"fields[ichmeldemichverbindlichzumausgewhltenmontessoriintensivlehrgangvonallemseinan]\" id=\"pwebcontact3_field-ichmeldemichverbindlichzumausgewhltenmontessoriintensivlehrgangvonallemseinan\" class=\"pweb-checkbox pweb-single-checkbox\" value=\"1\" data-role=\"none\"><br \/>\n\t\t\t\t\t\t\t\t<label for=\"pwebcontact3_field-ichmeldemichverbindlichzumausgewhltenmontessoriintensivlehrgangvonallemseinan\" id=\"pwebcontact3_field-ichmeldemichverbindlichzumausgewhltenmontessoriintensivlehrgangvonallemseinan-lbl\"><br \/>\n                                    I will attend the Intensive Montessori Course 2019-2021                                    \t\t\t\t\t\t\t\t<\/label>\n\t\t\t\t\t\t\t\t\t\t\t\t\t<\/div>\n<\/p><\/div>\n<\/p><\/div>\n<\/div>\n<div class=\"pweb-row\">\n<div class=\"pweb-column pweb-width-50\">\n<div class=\"pweb-field-container pweb-field-name pweb-field-name\">\n<div class=\"pweb-label\">\n\t\t\t\t\t\t\t<label id=\"pwebcontact3_field-name-lbl\" for=\"pwebcontact3_field-name\"><br \/>\n\t\t\t\t\t\t\t\tFirst Name\t\t\t\t\t\t\t\t\t\t\t\t\t\t\t<\/label>\n\t\t\t\t\t\t<\/div>\n<div class=\"pweb-field\">\n<div class=\"pweb-field-shadow\">\n                                <input type=\"text\" name=\"fields[name]\" id=\"pwebcontact3_field-name\" autocomplete=\"on\" class=\"pweb-input\" value=\"\" data-role=\"none\">\n                            <\/div>\n<\/p><\/div>\n<\/p><\/div>\n<\/p><\/div>\n<div class=\"pweb-column pweb-width-50\">\n<div class=\"pweb-field-container pweb-field-text pweb-field-nachnahme\">\n<div class=\"pweb-label\">\n\t\t\t\t\t\t\t<label id=\"pwebcontact3_field-nachnahme-lbl\" for=\"pwebcontact3_field-nachnahme\"><br \/>\n\t\t\t\t\t\t\t\tSurname\t\t\t\t\t\t\t\t\t\t\t\t\t\t\t<\/label>\n\t\t\t\t\t\t<\/div>\n<div class=\"pweb-field\">\n<div class=\"pweb-field-shadow\">\n                                <input type=\"text\" name=\"fields[nachnahme]\" id=\"pwebcontact3_field-nachnahme\" autocomplete=\"on\" class=\"pweb-input\" value=\"\" data-role=\"none\">\n                            <\/div>\n<\/p><\/div>\n<\/p><\/div>\n<\/p><\/div>\n<\/div>\n<div class=\"pweb-row\">\n<div class=\"pweb-column pweb-width-50\">\n<div class=\"pweb-field-container pweb-field-text pweb-field-strasse\">\n<div class=\"pweb-label\">\n\t\t\t\t\t\t\t<label id=\"pwebcontact3_field-strasse-lbl\" for=\"pwebcontact3_field-strasse\"><br \/>\n\t\t\t\t\t\t\t\tStreet\t\t\t\t\t\t\t\t\t\t\t\t\t\t\t<\/label>\n\t\t\t\t\t\t<\/div>\n<div class=\"pweb-field\">\n<div class=\"pweb-field-shadow\">\n                                <input type=\"text\" name=\"fields[strasse]\" id=\"pwebcontact3_field-strasse\" autocomplete=\"on\" class=\"pweb-input\" value=\"\" data-role=\"none\">\n                            <\/div>\n<\/p><\/div>\n<\/p><\/div>\n<\/p><\/div>\n<div class=\"pweb-column pweb-width-50\">\n<div class=\"pweb-field-container pweb-field-text pweb-field-hausnummer\">\n<div class=\"pweb-label\">\n\t\t\t\t\t\t\t<label id=\"pwebcontact3_field-hausnummer-lbl\" for=\"pwebcontact3_field-hausnummer\"><br \/>\n\t\t\t\t\t\t\t\tStreetnumber\t\t\t\t\t\t\t\t\t\t\t\t\t\t\t<\/label>\n\t\t\t\t\t\t<\/div>\n<div class=\"pweb-field\">\n<div class=\"pweb-field-shadow\">\n                                <input type=\"text\" name=\"fields[hausnummer]\" id=\"pwebcontact3_field-hausnummer\" autocomplete=\"on\" class=\"pweb-input\" value=\"\" data-role=\"none\">\n                            <\/div>\n<\/p><\/div>\n<\/p><\/div>\n<\/p><\/div>\n<\/div>\n<div class=\"pweb-row\">\n<div class=\"pweb-column pweb-width-50\">\n<div class=\"pweb-field-container pweb-field-text pweb-field-postleitzahl\">\n<div class=\"pweb-label\">\n\t\t\t\t\t\t\t<label id=\"pwebcontact3_field-postleitzahl-lbl\" for=\"pwebcontact3_field-postleitzahl\"><br \/>\n\t\t\t\t\t\t\t\tzip\t\t\t\t\t\t\t\t\t\t\t\t\t\t\t<\/label>\n\t\t\t\t\t\t<\/div>\n<div class=\"pweb-field\">\n<div class=\"pweb-field-shadow\">\n                                <input type=\"text\" name=\"fields[postleitzahl]\" id=\"pwebcontact3_field-postleitzahl\" autocomplete=\"on\" class=\"pweb-input\" value=\"\" data-role=\"none\">\n                            <\/div>\n<\/p><\/div>\n<\/p><\/div>\n<\/p><\/div>\n<div class=\"pweb-column pweb-width-50\">\n<div class=\"pweb-field-container pweb-field-text pweb-field-ort\">\n<div class=\"pweb-label\">\n\t\t\t\t\t\t\t<label id=\"pwebcontact3_field-ort-lbl\" for=\"pwebcontact3_field-ort\"><br \/>\n\t\t\t\t\t\t\t\tCity\t\t\t\t\t\t\t\t\t\t\t\t\t\t\t<\/label>\n\t\t\t\t\t\t<\/div>\n<div class=\"pweb-field\">\n<div class=\"pweb-field-shadow\">\n                                <input type=\"text\" name=\"fields[ort]\" id=\"pwebcontact3_field-ort\" autocomplete=\"on\" class=\"pweb-input\" value=\"\" data-role=\"none\">\n                            <\/div>\n<\/p><\/div>\n<\/p><\/div>\n<\/p><\/div>\n<\/div>\n<div class=\"pweb-row\">\n<div class=\"pweb-column pweb-width-50\">\n<div class=\"pweb-field-container pweb-field-email pweb-field-email\">\n<div class=\"pweb-label\">\n\t\t\t\t\t\t\t<label id=\"pwebcontact3_field-email-lbl\" for=\"pwebcontact3_field-email\"><br \/>\n\t\t\t\t\t\t\t\tEmail\t\t\t\t\t\t\t\t\t\t\t\t\t\t\t<\/label>\n\t\t\t\t\t\t<\/div>\n<div class=\"pweb-field\">\n<div class=\"pweb-field-shadow\">\n                                <input type=\"email\" name=\"fields[email]\" id=\"pwebcontact3_field-email\" autocomplete=\"on\" class=\"pweb-input\" value=\"\" data-role=\"none\">\n                            <\/div>\n<\/p><\/div>\n<\/p><\/div>\n<\/p><\/div>\n<div class=\"pweb-column pweb-width-50\">\n<div class=\"pweb-field-container pweb-field-phone pweb-field-telefon\">\n<div class=\"pweb-label\">\n\t\t\t\t\t\t\t<label id=\"pwebcontact3_field-telefon-lbl\" for=\"pwebcontact3_field-telefon\"><br \/>\n\t\t\t\t\t\t\t\tPhone\t\t\t\t\t\t\t\t<span class=\"pweb-asterisk\">*<\/span>\t\t\t\t\t\t\t<\/label>\n\t\t\t\t\t\t<\/div>\n<div class=\"pweb-field\">\n<div class=\"pweb-field-shadow\">\n                                <input type=\"tel\" name=\"fields[telefon]\" id=\"pwebcontact3_field-telefon\" autocomplete=\"on\" class=\"pweb-input required pweb3-validate-telefon\" value=\"\" data-role=\"none\">\n                            <\/div>\n<\/p><\/div>\n<\/p><\/div>\n<\/p><\/div>\n<\/div>\n<div class=\"pweb-row\">\n<div>\n<div class=\"pweb-field-container pweb-field-custom-text\" id=\"pwebcontact3_text-0\">\n\t\t\t\t\t\tUpon submitting the Registration Form, each participant will receive a Registration Confirmation and detailed Information by post.\t\t\t\t\t<\/div>\n<\/p><\/div>\n<\/div>\n<div class=\"pweb-row\">\n<div>\n<div class=\"pweb-field-container pweb-field-buttons\">\n<div class=\"pweb-field\">\n\t\t\t\t\t\t\t<button id=\"pwebcontact3_send\" type=\"submit\" class=\"btn pweb-button-send\" data-role=\"none\">Send<\/button>\n\t\t\t\t\t\t\t\t\t\t\t\t\t\t                        <\/div>\n<\/p><\/div>\n<\/p><\/div>\n<\/div><\/div>\n<div class=\"pweb-msg pweb-msg-after\">\n<div id=\"pwebcontact3_msg\" class=\"pweb-progress\"><script type=\"text\/javascript\">document.getElementById(\"pwebcontact3_msg\").innerHTML=\"Initializing form...\"<\/script><\/div>\n<\/div>\n<p>\t\t\t\t\t\t<input type=\"hidden\" name=\"a4c7e0008e\" value=\"1\" id=\"pwebcontact3_token\"><br \/>\n\t\t<\/form>\n<\/p><\/div>\n<\/p><\/div>\n<\/p><\/div>\n<\/p><\/div>\n<\/p><\/div>\n<p><script type=\"text\/javascript\">\njQuery(document).ready(function($){pwebContact3=new pwebContact({id:3,ajaxUrl:\"http:\/\/www.biolog.world\/wp-admin\/admin-ajax.php?action=pwebcontact_\",theme:\"clean\",layout:\"static\",position:\"static\",offsetPosition:\"top\",closeOther:0,validatorRules:[{name:\"telefon\",regexp:\/[\\d\\-\\+() ]+\/}]})});<\/script><br \/>\n<!-- PWebContact end --><\/p>\n<\/div><\/div><\/div><\/div><\/p>","protected":false},"excerpt":{"rendered":"","protected":false},"author":1,"featured_media":4146,"parent":0,"menu_order":4,"comment_status":"closed","ping_status":"closed","template":"page-templates\/full-width-page.php","meta":[],"jetpack_sharing_enabled":true,"jetpack_shortlink":"https:\/\/wp.me\/P7OThW-Y","jetpack-related-posts":[{"id":4414,"url":"http:\/\/www.biolog.world\/en\/infoabend-zum-studienlehrgang\/","url_meta":{"origin":60,"position":0},"title":"Infoabend zum Studienlehrgang","date":"Thursday September 16th, 2021","format":false,"excerpt":"Am 16. November 2021 (19:00-21:00) findet ein virtueller Informationsabend zum Studienlehrgang \u201evon allem sein\u201c\u00a0via ZOOM statt. Das Kursprogramm, der Kursort und der Ablauf dieser einzigartigen Veranstaltung werden vorgestellt und Fragen beantwortet. Die Teilnahme ist gratis. Sie k\u00f6nnen sich gerne mit unten stehendem Formular anmelden. Ein ZOOM-Link zur Veranstaltung wird Ihnen\u2026","rel":"","context":"Similar post","img":{"alt_text":"","src":"https:\/\/i0.wp.com\/www.biolog.world\/wp-content\/uploads\/2016\/11\/flats-ekkeroy-1024x685-300x201.jpg?resize=350%2C200","width":350,"height":200},"classes":[]},{"id":104,"url":"http:\/\/www.biolog.world\/en\/kassa\/","url_meta":{"origin":60,"position":1},"title":"checkout","date":"Saturday August 13th, 2016","format":false,"excerpt":"","rel":"","context":"Similar post","img":{"alt_text":"","src":"","width":0,"height":0},"classes":[]},{"id":3633,"url":"http:\/\/www.biolog.world\/en\/calendar\/","url_meta":{"origin":60,"position":2},"title":"Calendar","date":"Monday August 20th, 2018","format":false,"excerpt":"","rel":"","context":"Similar post","img":{"alt_text":"","src":"","width":0,"height":0},"classes":[]},{"id":530,"url":"http:\/\/www.biolog.world\/en\/widerrufsbelehrung\/","url_meta":{"origin":60,"position":3},"title":"Widerrufsbelehrung","date":"Monday May  8th, 2017","format":false,"excerpt":"Widerrufsbelehrung Widerrufsrecht Sie haben das Recht, binnen vierzehn Tagen ohne Angabe von Gr\u00fcnden diesen Vertrag zu widerrufen. Die Widerrufsfrist betr\u00e4gt vierzehn Tage ab dem Tag, an dem Sie oder ein von Ihnen benannter Dritter, der nicht der Bef\u00f6rderer ist, die Waren in Besitz genommen haben bzw. hat. Um Ihr Widerrufsrecht\u2026","rel":"","context":"Similar post","img":{"alt_text":"","src":"","width":0,"height":0},"classes":[]},{"id":529,"url":"http:\/\/www.biolog.world\/en\/agb\/","url_meta":{"origin":60,"position":4},"title":"AGB","date":"Monday May  8th, 2017","format":false,"excerpt":"Sorry, this entry is only available in German. For the sake of viewer convenience, the content is shown below in the alternative language. You may click the link to switch the active language.Allgemeine Gesch\u00e4ftsbedingungen Vertragsbedingungen im Rahmen von Kaufvertr\u00e4gen die \u00fcber die Plattform\u00a0http:\/\/www.biolog.world zwischen biolog, Uwe Kranner Kleineberharts 31, 3830\u2026","rel":"","context":"Similar post","img":{"alt_text":"","src":"","width":0,"height":0},"classes":[]},{"id":100,"url":"http:\/\/www.biolog.world\/en\/sales\/","url_meta":{"origin":60,"position":5},"title":"sales","date":"Saturday August 13th, 2016","format":false,"excerpt":"","rel":"","context":"Similar post","img":{"alt_text":"","src":"","width":0,"height":0},"classes":[]}],"_links":{"self":[{"href":"http:\/\/www.biolog.world\/en\/wp-json\/wp\/v2\/pages\/60"}],"collection":[{"href":"http:\/\/www.biolog.world\/en\/wp-json\/wp\/v2\/pages"}],"about":[{"href":"http:\/\/www.biolog.world\/en\/wp-json\/wp\/v2\/types\/page"}],"author":[{"embeddable":true,"href":"http:\/\/www.biolog.world\/en\/wp-json\/wp\/v2\/users\/1"}],"replies":[{"embeddable":true,"href":"http:\/\/www.biolog.world\/en\/wp-json\/wp\/v2\/comments?post=60"}],"version-history":[{"count":47,"href":"http:\/\/www.biolog.world\/en\/wp-json\/wp\/v2\/pages\/60\/revisions"}],"predecessor-version":[{"id":4342,"href":"http:\/\/www.biolog.world\/en\/wp-json\/wp\/v2\/pages\/60\/revisions\/4342"}],"wp:featuredmedia":[{"embeddable":true,"href":"http:\/\/www.biolog.world\/en\/wp-json\/wp\/v2\/media\/4146"}],"wp:attachment":[{"href":"http:\/\/www.biolog.world\/en\/wp-json\/wp\/v2\/media?parent=60"}],"curies":[{"name":"wp","href":"https:\/\/api.w.org\/{rel}","templated":true}]}}