{"id":57,"date":"2016-08-13T14:13:05","date_gmt":"2016-08-13T12:13:05","guid":{"rendered":"http:\/\/www.biolog.world\/?page_id=57"},"modified":"2020-01-05T21:37:46","modified_gmt":"2020-01-05T20:37:46","slug":"cosmic-tales","status":"publish","type":"page","link":"http:\/\/www.biolog.world\/en\/cosmic-tales\/","title":{"rendered":"cosmic tales | books"},"content":{"rendered":"<p><link rel=\"stylesheet\" type=\"text\/css\" href=\"http:\/\/www.biolog.world\/wp-content\/plugins\/slidingtabs\/templates\/separated_3\/template.css?v=1.0.0\" media=\"screen\" \/><div id=\"slidingtabs_406\" class=\"slidingtabs separated_3 separated_3-horizontal align_top\" ><div class=\"st_tabs\"><a href=\"#\" class=\"st_prev\">prev<\/a><a href=\"#\" class=\"st_next\">next<\/a><div class=\"st_tabs_wrap\"><ul class=\"st_tabs_ul\"><li class=\"st_li_first st_li_active\"><a href=\"#tab-3\" rel=\"tab-3\" class=\"st_tab st_tab_1 st_tab_first st_tab_active\">Cosmic Story Books<\/a><\/li><li><a href=\"#tab-4\" rel=\"tab-4\" class=\"st_tab st_tab_2\">The origin of the earth<\/a><\/li><li class=\"st_li_last\"><a href=\"#tab-1\" rel=\"tab-1\" class=\"st_tab st_tab_3 st_tab_last\">How the fish learned to fly<\/a><\/li><\/ul><\/div><\/div><div class=\"st_views\"><div class=\"tab-3 st_view st_view_first\"><div class=\"st_view_inner\"><p>Telling is a <span style=\"color: #5d9e18;\"><strong>lost art<\/strong><\/span>. We explain, report and discuss, but the narrative has been lost. Even though we know how children at an early age like to listen to stories of their elders, CDs and other media are replacing the person, the narrator during these important childhood years.<\/p>\n<p>The narrative is always telling <span style=\"color: #5d9e18;\"><strong>life stories<\/strong><\/span>. In narrative, the narrator invites the persons and events with meaning and makes them lively and empathic. Already the first dialogues between mother and baby are based on this original form of security-giving communication and from the very beginning the emotions orchestrate the participation in the world surrounding the child.<\/p>\n<p>Also for <strong><span style=\"color: #5d9e18;\">Dr. Maria Montessori<\/span><\/strong>, the narrative was of great importance, which is still visible in the traditions of the \"great tales\" that are still around to this day. Until a few decades ago, the narrative was still one of the tools of a good pedagogy, which had to get by without modern media and teaching aids.<\/p>\n<p>With the disappearance of the narrative, the previously omnipresent visual images were also suspended in the classrooms, and thus, especially in the natural sciences, a central form of learning was abandoned: the reading of connections and the independent allocation of meaning. Interpretation, this could also be called the recording of sensible connections and their emotional charge.<\/p>\n<p>With our <strong><span style=\"color: #5d9e18;\">narrative books<\/span><\/strong>, we want to bring the art of storytelling closer to children and adults alike. The stories always tell of life, \"life-warm\", biographically one could call it. The origin of the universe and the coming of man can be heard, but also of all the wonderful creatures of nature and how they have become what they are today.<\/p>\n<p><strong><span style=\"color: #5d9e18;\">Impressive drawings<\/span><\/strong> and pictures prime our stories and these pictures are presented in the narrative books. Thus, adults and children receive not only unique reading books, but also unique tools and models for the success of re-discovering a lost art.<\/p>\n<\/div><\/div><div class=\"tab-4 st_view\"><div class=\"st_view_inner\"><h3><strong><span style=\"color: #619c19;\">The origin of the earth<\/span><\/strong><\/h3>\n<p><strong>The great cosmic narrative of the beginning of the universe\u00a0<\/strong><\/p>\n<p><span style=\"color: #619c19;\">Narrative book | charts\u00a0of the narrative | Experiments<\/span><\/p>\n<p>The first great narrative leads back to the origins of the universe. In the sense of the latest knowledge of the sciences, the unique biography of our cosmic homeland is told. From the Big Bang to the present day, readers and listeners travel in this narrative and learn about the great transformations that the earth has experienced.<\/p>\n<p>What were the laws that governed the <strong><span style=\"color: #5d9e18;\">cosmic order<\/span><\/strong>, and how do they work today? Is everything we see on this earth, whether alive or not, really built from star dust? These questions and many more are answered in this narrative and show the great cosmic connections of the universe.<\/p>\n<p>The artistically designed narrative book contains not only <strong><span style=\"color: #5d9e18;\">handmade drawings<\/span><\/strong> and pictures of the most significant events of the earth\u2019s formation, but also instructions on the individual attempts which accompany the narrative.<\/p>\n<p>The narrative books are in the form of a high-quality, large format print. The work begins on a long series of narrative books, which will be published here in the coming years.<\/p>\n<\/div><\/div><div class=\"tab-1 st_view\"><div class=\"st_view_inner\"><p><strong><span style=\"color: #619c19;\">How the fish learned to fly<\/span><\/strong><\/p>\n<p><span style=\"color: #000000;\">The great cosmic narrative of the birds<\/span><\/p>\n<p><span style=\"color: #619c19;\">Narrative book | charts of the narrative<\/span><\/p>\n<p>The great tale of the first primates entering into the world of flying.<\/p>\n<p>Will appear soon<\/p>\n<\/div><\/div><\/div><\/div><\/p>","protected":false},"excerpt":{"rendered":"","protected":false},"author":1,"featured_media":4146,"parent":0,"menu_order":0,"comment_status":"closed","ping_status":"closed","template":"page-templates\/full-width-page.php","meta":[],"jetpack_sharing_enabled":true,"jetpack_shortlink":"https:\/\/wp.me\/P7OThW-V","jetpack-related-posts":[{"id":104,"url":"http:\/\/www.biolog.world\/en\/kassa\/","url_meta":{"origin":57,"position":0},"title":"checkout","date":"Saturday August 13th, 2016","format":false,"excerpt":"","rel":"","context":"Similar post","img":{"alt_text":"","src":"","width":0,"height":0},"classes":[]},{"id":3633,"url":"http:\/\/www.biolog.world\/en\/calendar\/","url_meta":{"origin":57,"position":1},"title":"Calendar","date":"Monday August 20th, 2018","format":false,"excerpt":"","rel":"","context":"Similar post","img":{"alt_text":"","src":"","width":0,"height":0},"classes":[]},{"id":530,"url":"http:\/\/www.biolog.world\/en\/widerrufsbelehrung\/","url_meta":{"origin":57,"position":2},"title":"Widerrufsbelehrung","date":"Monday May  8th, 2017","format":false,"excerpt":"Widerrufsbelehrung Widerrufsrecht Sie haben das Recht, binnen vierzehn Tagen ohne Angabe von Gr\u00fcnden diesen Vertrag zu widerrufen. Die Widerrufsfrist betr\u00e4gt vierzehn Tage ab dem Tag, an dem Sie oder ein von Ihnen benannter Dritter, der nicht der Bef\u00f6rderer ist, die Waren in Besitz genommen haben bzw. hat. Um Ihr Widerrufsrecht\u2026","rel":"","context":"Similar post","img":{"alt_text":"","src":"","width":0,"height":0},"classes":[]},{"id":4414,"url":"http:\/\/www.biolog.world\/en\/infoabend-zum-studienlehrgang\/","url_meta":{"origin":57,"position":3},"title":"Infoabend zum Studienlehrgang","date":"Thursday September 16th, 2021","format":false,"excerpt":"Am 16. November 2021 (19:00-21:00) findet ein virtueller Informationsabend zum Studienlehrgang \u201evon allem sein\u201c\u00a0via ZOOM statt. Das Kursprogramm, der Kursort und der Ablauf dieser einzigartigen Veranstaltung werden vorgestellt und Fragen beantwortet. Die Teilnahme ist gratis. Sie k\u00f6nnen sich gerne mit unten stehendem Formular anmelden. Ein ZOOM-Link zur Veranstaltung wird Ihnen\u2026","rel":"","context":"Similar post","img":{"alt_text":"","src":"https:\/\/i0.wp.com\/www.biolog.world\/wp-content\/uploads\/2016\/11\/flats-ekkeroy-1024x685-300x201.jpg?resize=350%2C200","width":350,"height":200},"classes":[]},{"id":529,"url":"http:\/\/www.biolog.world\/en\/agb\/","url_meta":{"origin":57,"position":4},"title":"AGB","date":"Monday May  8th, 2017","format":false,"excerpt":"Sorry, this entry is only available in German. For the sake of viewer convenience, the content is shown below in the alternative language. You may click the link to switch the active language.Allgemeine Gesch\u00e4ftsbedingungen Vertragsbedingungen im Rahmen von Kaufvertr\u00e4gen die \u00fcber die Plattform\u00a0http:\/\/www.biolog.world zwischen biolog, Uwe Kranner Kleineberharts 31, 3830\u2026","rel":"","context":"Similar post","img":{"alt_text":"","src":"","width":0,"height":0},"classes":[]},{"id":532,"url":"http:\/\/www.biolog.world\/en\/bezahlmoeglichkeiten\/","url_meta":{"origin":57,"position":5},"title":"Zahlungsarten","date":"Monday May  8th, 2017","format":false,"excerpt":"","rel":"","context":"Similar post","img":{"alt_text":"","src":"","width":0,"height":0},"classes":[]}],"_links":{"self":[{"href":"http:\/\/www.biolog.world\/en\/wp-json\/wp\/v2\/pages\/57"}],"collection":[{"href":"http:\/\/www.biolog.world\/en\/wp-json\/wp\/v2\/pages"}],"about":[{"href":"http:\/\/www.biolog.world\/en\/wp-json\/wp\/v2\/types\/page"}],"author":[{"embeddable":true,"href":"http:\/\/www.biolog.world\/en\/wp-json\/wp\/v2\/users\/1"}],"replies":[{"embeddable":true,"href":"http:\/\/www.biolog.world\/en\/wp-json\/wp\/v2\/comments?post=57"}],"version-history":[{"count":8,"href":"http:\/\/www.biolog.world\/en\/wp-json\/wp\/v2\/pages\/57\/revisions"}],"predecessor-version":[{"id":4150,"href":"http:\/\/www.biolog.world\/en\/wp-json\/wp\/v2\/pages\/57\/revisions\/4150"}],"wp:featuredmedia":[{"embeddable":true,"href":"http:\/\/www.biolog.world\/en\/wp-json\/wp\/v2\/media\/4146"}],"wp:attachment":[{"href":"http:\/\/www.biolog.world\/en\/wp-json\/wp\/v2\/media?parent=57"}],"curies":[{"name":"wp","href":"https:\/\/api.w.org\/{rel}","templated":true}]}}