{"id":4414,"date":"2021-09-16T12:48:12","date_gmt":"2021-09-16T10:48:12","guid":{"rendered":"http:\/\/www.biolog.world\/?page_id=4414"},"modified":"2021-11-02T18:50:41","modified_gmt":"2021-11-02T17:50:41","slug":"infoabend-zum-studienlehrgang","status":"publish","type":"page","link":"http:\/\/www.biolog.world\/en\/infoabend-zum-studienlehrgang\/","title":{"rendered":"Infoabend zum Studienlehrgang"},"content":{"rendered":"<p><span style=\"font-family: tahoma, arial, helvetica, sans-serif;\"><img data-attachment-id=\"190\" data-permalink=\"http:\/\/www.biolog.world\/en\/flats-ekkeroy-1024x685\/\" data-orig-file=\"https:\/\/i0.wp.com\/www.biolog.world\/wp-content\/uploads\/2016\/11\/flats-ekkeroy-1024x685-e1480536638918.jpg?fit=200%2C134\" data-orig-size=\"200,134\" data-comments-opened=\"1\" data-image-meta=\"{&quot;aperture&quot;:&quot;0&quot;,&quot;credit&quot;:&quot;&quot;,&quot;camera&quot;:&quot;&quot;,&quot;caption&quot;:&quot;&quot;,&quot;created_timestamp&quot;:&quot;0&quot;,&quot;copyright&quot;:&quot;&quot;,&quot;focal_length&quot;:&quot;0&quot;,&quot;iso&quot;:&quot;0&quot;,&quot;shutter_speed&quot;:&quot;0&quot;,&quot;title&quot;:&quot;&quot;,&quot;orientation&quot;:&quot;0&quot;}\" data-image-title=\"flats-ekkeroy-1024&#215;685\" data-image-description=\"\" data-image-caption=\"\" data-medium-file=\"https:\/\/i0.wp.com\/www.biolog.world\/wp-content\/uploads\/2016\/11\/flats-ekkeroy-1024x685-e1480536638918.jpg?fit=300%2C201\" data-large-file=\"https:\/\/i0.wp.com\/www.biolog.world\/wp-content\/uploads\/2016\/11\/flats-ekkeroy-1024x685-e1480536638918.jpg?fit=1024%2C685\" loading=\"lazy\" class=\"alignnone size-medium wp-image-190 alignleft\" src=\"https:\/\/i0.wp.com\/www.biolog.world\/wp-content\/uploads\/2016\/11\/flats-ekkeroy-1024x685.jpg?resize=300%2C201\" alt=\"\" width=\"300\" height=\"201\" data-recalc-dims=\"1\" \/><\/span><\/p>\n<p style=\"text-align: left;\"><span style=\"font-family: helvetica, arial, sans-serif;\">Am 16. November 2021 (19:00-21:00) findet ein virtueller Informationsabend zum Studienlehrgang <strong>\u201evon allem sein\u201c<\/strong>\u00a0via ZOOM statt.<\/span><\/p>\n<p style=\"text-align: left;\"><span style=\"font-family: helvetica, arial, sans-serif;\">Das Kursprogramm, der Kursort und der Ablauf dieser einzigartigen Veranstaltung werden vorgestellt und Fragen beantwortet.<\/span><\/p>\n<p style=\"text-align: left;\"><span style=\"font-family: helvetica, arial, sans-serif;\">Die Teilnahme ist gratis. Sie k\u00f6nnen sich gerne mit unten stehendem Formular anmelden. Ein ZOOM-Link zur Veranstaltung wird Ihnen per Mail zugesandt.<\/span><\/p>\n<p><span style=\"font-family: helvetica, arial, sans-serif;\">Wir freuen uns, Sie an diesem Abend begr\u00fc\u00dfen zu d\u00fcrfen.<\/span><\/p>\n<p>&nbsp;<\/p>\n<!-- PWebContact -->\n\n\n<div id=\"pwebcontact4\" class=\"pwebcontact  pweb-static pweb-theme-clean pweb-labels-above pweb-gradient\" dir=\"ltr\">\n\t\n\t\t\n\t    \n    <div id=\"pwebcontact4_box\" class=\"pwebcontact-box pweb-static pweb-theme-clean pweb-labels-above pweb-gradient \" dir=\"ltr\">\n    \n    <div class=\"pwebcontact-container-outset\">\n    <div id=\"pwebcontact4_container\" class=\"pwebcontact-container\">\n    <div class=\"pwebcontact-container-inset\">\n\t\n\t\t\t\t\n\t\t\t\t\n\t\t\t\t\n\t\t<form name=\"pwebcontact4_form\" id=\"pwebcontact4_form\" class=\"pwebcontact-form\" action=\"http:\/\/www.biolog.world\/en\" method=\"post\" accept-charset=\"utf-8\">\n\t\t\t\n\t\t\t\t\t\t\n\t\t\t<div class=\"pweb-fields\">\n\t\t\t<div class=\"pweb-row\"><div>\t\t\t\t\t<div class=\"pweb-field-container pweb-field-checkbox pweb-field-ichmeldemichverbindlichzumausgewhltenmontessoriintensivlehrgangvonallemseinan\">\n\t\t\t\t\t\t\t\t\t\t\t\t<div class=\"pweb-field\">\n\t\t\t\t\t\t\t\t\t\t\t\t\t\t\t<input type=\"checkbox\" name=\"fields[ichmeldemichverbindlichzumausgewhltenmontessoriintensivlehrgangvonallemseinan]\" id=\"pwebcontact4_field-ichmeldemichverbindlichzumausgewhltenmontessoriintensivlehrgangvonallemseinan\" class=\"pweb-checkbox pweb-single-checkbox required\" value=\"1\" data-role=\"none\">\n\t\t\t\t\t\t\t\t<label for=\"pwebcontact4_field-ichmeldemichverbindlichzumausgewhltenmontessoriintensivlehrgangvonallemseinan\" id=\"pwebcontact4_field-ichmeldemichverbindlichzumausgewhltenmontessoriintensivlehrgangvonallemseinan-lbl\">\n                                    Ich melde mich zum kostenlosen Infoabend zum Studienlehrgang an und bitte um Zusendung des ZOOM-Links zur Veranstaltung.                                                                            <span class=\"pweb-asterisk\">*<\/span>\n                                    \t\t\t\t\t\t\t\t<\/label>\n\t\t\t\t\t\t\t\t\t\t\t\t\t<\/div>\n\t\t\t\t\t<\/div>\n\t\t\t\t\t<\/div><\/div><div class=\"pweb-row\"><div class=\"pweb-column pweb-width-50\">\t\t\t\t\t<div class=\"pweb-field-container pweb-field-name pweb-field-name\">\n\t\t\t\t\t\t\t\t\t\t\t\t<div class=\"pweb-label\">\n\t\t\t\t\t\t\t<label id=\"pwebcontact4_field-name-lbl\" for=\"pwebcontact4_field-name\">\n\t\t\t\t\t\t\t\tVorname\t\t\t\t\t\t\t\t<span class=\"pweb-asterisk\">*<\/span>\t\t\t\t\t\t\t<\/label>\n\t\t\t\t\t\t<\/div>\n\t\t\t\t\t\t\t\t\t\t\t\t<div class=\"pweb-field\">\n\t\t\t\t\t\t\t\t\t\t\t\t\t\t<div class=\"pweb-field-shadow\">\n                                <input type=\"text\" name=\"fields[name]\" id=\"pwebcontact4_field-name\" autocomplete=\"on\" class=\"pweb-input required\" value=\"\" data-role=\"none\">\n                            <\/div>\n\t\t\t\t\t\t\t\t\t\t\t\t\t<\/div>\n\t\t\t\t\t<\/div>\n\t\t\t\t\t<\/div><div class=\"pweb-column pweb-width-50\">\t\t\t\t\t<div class=\"pweb-field-container pweb-field-text pweb-field-nachnahme\">\n\t\t\t\t\t\t\t\t\t\t\t\t<div class=\"pweb-label\">\n\t\t\t\t\t\t\t<label id=\"pwebcontact4_field-nachnahme-lbl\" for=\"pwebcontact4_field-nachnahme\">\n\t\t\t\t\t\t\t\tNachname\t\t\t\t\t\t\t\t<span class=\"pweb-asterisk\">*<\/span>\t\t\t\t\t\t\t<\/label>\n\t\t\t\t\t\t<\/div>\n\t\t\t\t\t\t\t\t\t\t\t\t<div class=\"pweb-field\">\n\t\t\t\t\t\t\t\t\t\t\t\t\t\t<div class=\"pweb-field-shadow\">\n                                <input type=\"text\" name=\"fields[nachnahme]\" id=\"pwebcontact4_field-nachnahme\" autocomplete=\"on\" class=\"pweb-input required\" value=\"\" data-role=\"none\">\n                            <\/div>\n\t\t\t\t\t\t\t\t\t\t\t\t\t<\/div>\n\t\t\t\t\t<\/div>\n\t\t\t\t\t<\/div><\/div><div class=\"pweb-row\"><div class=\"pweb-column pweb-width-50\">\t\t\t\t\t<div class=\"pweb-field-container pweb-field-text pweb-field-strasse\">\n\t\t\t\t\t\t\t\t\t\t\t\t<div class=\"pweb-label\">\n\t\t\t\t\t\t\t<label id=\"pwebcontact4_field-strasse-lbl\" for=\"pwebcontact4_field-strasse\">\n\t\t\t\t\t\t\t\tStrasse\t\t\t\t\t\t\t\t<span class=\"pweb-asterisk\">*<\/span>\t\t\t\t\t\t\t<\/label>\n\t\t\t\t\t\t<\/div>\n\t\t\t\t\t\t\t\t\t\t\t\t<div class=\"pweb-field\">\n\t\t\t\t\t\t\t\t\t\t\t\t\t\t<div class=\"pweb-field-shadow\">\n                                <input type=\"text\" name=\"fields[strasse]\" id=\"pwebcontact4_field-strasse\" autocomplete=\"on\" class=\"pweb-input required\" value=\"\" data-role=\"none\">\n                            <\/div>\n\t\t\t\t\t\t\t\t\t\t\t\t\t<\/div>\n\t\t\t\t\t<\/div>\n\t\t\t\t\t<\/div><div class=\"pweb-column pweb-width-50\">\t\t\t\t\t<div class=\"pweb-field-container pweb-field-text pweb-field-hausnummer\">\n\t\t\t\t\t\t\t\t\t\t\t\t<div class=\"pweb-label\">\n\t\t\t\t\t\t\t<label id=\"pwebcontact4_field-hausnummer-lbl\" for=\"pwebcontact4_field-hausnummer\">\n\t\t\t\t\t\t\t\tHausnummer\t\t\t\t\t\t\t\t<span class=\"pweb-asterisk\">*<\/span>\t\t\t\t\t\t\t<\/label>\n\t\t\t\t\t\t<\/div>\n\t\t\t\t\t\t\t\t\t\t\t\t<div class=\"pweb-field\">\n\t\t\t\t\t\t\t\t\t\t\t\t\t\t<div class=\"pweb-field-shadow\">\n                                <input type=\"text\" name=\"fields[hausnummer]\" id=\"pwebcontact4_field-hausnummer\" autocomplete=\"on\" class=\"pweb-input required\" value=\"\" data-role=\"none\">\n                            <\/div>\n\t\t\t\t\t\t\t\t\t\t\t\t\t<\/div>\n\t\t\t\t\t<\/div>\n\t\t\t\t\t<\/div><\/div><div class=\"pweb-row\"><div class=\"pweb-column pweb-width-50\">\t\t\t\t\t<div class=\"pweb-field-container pweb-field-text pweb-field-postleitzahl\">\n\t\t\t\t\t\t\t\t\t\t\t\t<div class=\"pweb-label\">\n\t\t\t\t\t\t\t<label id=\"pwebcontact4_field-postleitzahl-lbl\" for=\"pwebcontact4_field-postleitzahl\">\n\t\t\t\t\t\t\t\tPostleitzahl\t\t\t\t\t\t\t\t<span class=\"pweb-asterisk\">*<\/span>\t\t\t\t\t\t\t<\/label>\n\t\t\t\t\t\t<\/div>\n\t\t\t\t\t\t\t\t\t\t\t\t<div class=\"pweb-field\">\n\t\t\t\t\t\t\t\t\t\t\t\t\t\t<div class=\"pweb-field-shadow\">\n                                <input type=\"text\" name=\"fields[postleitzahl]\" id=\"pwebcontact4_field-postleitzahl\" autocomplete=\"on\" class=\"pweb-input required\" value=\"\" data-role=\"none\">\n                            <\/div>\n\t\t\t\t\t\t\t\t\t\t\t\t\t<\/div>\n\t\t\t\t\t<\/div>\n\t\t\t\t\t<\/div><div class=\"pweb-column pweb-width-50\">\t\t\t\t\t<div class=\"pweb-field-container pweb-field-text pweb-field-ort\">\n\t\t\t\t\t\t\t\t\t\t\t\t<div class=\"pweb-label\">\n\t\t\t\t\t\t\t<label id=\"pwebcontact4_field-ort-lbl\" for=\"pwebcontact4_field-ort\">\n\t\t\t\t\t\t\t\tOrt\t\t\t\t\t\t\t\t<span class=\"pweb-asterisk\">*<\/span>\t\t\t\t\t\t\t<\/label>\n\t\t\t\t\t\t<\/div>\n\t\t\t\t\t\t\t\t\t\t\t\t<div class=\"pweb-field\">\n\t\t\t\t\t\t\t\t\t\t\t\t\t\t<div class=\"pweb-field-shadow\">\n                                <input type=\"text\" name=\"fields[ort]\" id=\"pwebcontact4_field-ort\" autocomplete=\"on\" class=\"pweb-input required\" value=\"\" data-role=\"none\">\n                            <\/div>\n\t\t\t\t\t\t\t\t\t\t\t\t\t<\/div>\n\t\t\t\t\t<\/div>\n\t\t\t\t\t<\/div><\/div><div class=\"pweb-row\"><div class=\"pweb-column pweb-width-50\">\t\t\t\t\t<div class=\"pweb-field-container pweb-field-email pweb-field-email\">\n\t\t\t\t\t\t\t\t\t\t\t\t<div class=\"pweb-label\">\n\t\t\t\t\t\t\t<label id=\"pwebcontact4_field-email-lbl\" for=\"pwebcontact4_field-email\">\n\t\t\t\t\t\t\t\tEmail\t\t\t\t\t\t\t\t<span class=\"pweb-asterisk\">*<\/span>\t\t\t\t\t\t\t<\/label>\n\t\t\t\t\t\t<\/div>\n\t\t\t\t\t\t\t\t\t\t\t\t<div class=\"pweb-field\">\n\t\t\t\t\t\t\t\t\t\t\t\t\t\t<div class=\"pweb-field-shadow\">\n                                <input type=\"email\" name=\"fields[email]\" id=\"pwebcontact4_field-email\" autocomplete=\"on\" class=\"pweb-input required\" value=\"\" data-role=\"none\">\n                            <\/div>\n\t\t\t\t\t\t\t\t\t\t\t\t\t<\/div>\n\t\t\t\t\t<\/div>\n\t\t\t\t\t<\/div><div class=\"pweb-column pweb-width-50\">\t\t\t\t\t<div class=\"pweb-field-container pweb-field-phone pweb-field-telefon\">\n\t\t\t\t\t\t\t\t\t\t\t\t<div class=\"pweb-label\">\n\t\t\t\t\t\t\t<label id=\"pwebcontact4_field-telefon-lbl\" for=\"pwebcontact4_field-telefon\">\n\t\t\t\t\t\t\t\tTelefon\t\t\t\t\t\t\t\t\t\t\t\t\t\t\t<\/label>\n\t\t\t\t\t\t<\/div>\n\t\t\t\t\t\t\t\t\t\t\t\t<div class=\"pweb-field\">\n\t\t\t\t\t\t\t\t\t\t\t\t\t\t<div class=\"pweb-field-shadow\">\n                                <input type=\"tel\" name=\"fields[telefon]\" id=\"pwebcontact4_field-telefon\" autocomplete=\"on\" class=\"pweb-input pweb4-validate-telefon\" value=\"\" data-role=\"none\">\n                            <\/div>\n\t\t\t\t\t\t\t\t\t\t\t\t\t<\/div>\n\t\t\t\t\t<\/div>\n\t\t\t\t\t<\/div><\/div><div class=\"pweb-row\"><div>\t\t\t\t\t<div class=\"pweb-field-container pweb-field-custom-text\" id=\"pwebcontact4_text-0\">\n\t\t\t\t\t\tNach Erhalt Ihrer Anmeldung senden wir Ihnen einen Link zur Veranstaltung per Mail.\t\t\t\t\t<\/div>\n\t\t\t\t\t<\/div><\/div><div class=\"pweb-row\"><div>\t\t\t\t\t<div class=\"pweb-field-container pweb-field-buttons\">\n\t\t\t\t\t\t<div class=\"pweb-field\">\n\t\t\t\t\t\t\t<button id=\"pwebcontact4_send\" type=\"submit\" class=\"btn pweb-button-send\" data-role=\"none\">Send<\/button>\n\t\t\t\t\t\t\t\t\t\t\t\t\t\t                        <\/div>\n\t\t\t\t\t<\/div>\n                    <\/div><\/div>\t\t\t<\/div>\n\t\t\t\n\t\t\t<div class=\"pweb-msg pweb-msg-after\"><div id=\"pwebcontact4_msg\" class=\"pweb-progress\"><script type=\"text\/javascript\">document.getElementById(\"pwebcontact4_msg\").innerHTML=\"Initializing form...\"<\/script><\/div><\/div>\t\t\t\n\t\t\t\t\t\t<input type=\"hidden\" name=\"f72c66fa64\" value=\"1\" id=\"pwebcontact4_token\">\n\t\t<\/form>\n\t\t\n\t\t       \n    <\/div>\n\t<\/div>\n\t<\/div>\n    \n\t<\/div>\n\t<\/div>\n\n<script type=\"text\/javascript\">\njQuery(document).ready(function($){pwebContact4=new pwebContact({id:4,ajaxUrl:\"http:\/\/www.biolog.world\/wp-admin\/admin-ajax.php?action=pwebcontact_\",theme:\"clean\",layout:\"static\",position:\"static\",offsetPosition:\"top\",closeOther:0,validatorRules:[{name:\"telefon\",regexp:\/[\\d\\-\\+() ]+\/}]})});<\/script>\n<!-- PWebContact end -->\n\n<p>&nbsp;<\/p>\n","protected":false},"excerpt":{"rendered":"<p>Am 16. November 2021 (19:00-21:00) findet ein virtueller Informationsabend zum Studienlehrgang \u201evon allem sein\u201c\u00a0via ZOOM statt. Das Kursprogramm, der Kursort und der Ablauf dieser einzigartigen Veranstaltung werden vorgestellt und Fragen beantwortet. Die Teilnahme ist gratis. Sie k\u00f6nnen sich gerne mit unten stehendem Formular anmelden. Ein ZOOM-Link zur Veranstaltung wird Ihnen per Mail zugesandt. Wir freuen &hellip; <a href=\"http:\/\/www.biolog.world\/en\/infoabend-zum-studienlehrgang\/\" class=\"excerpt-link\">Read More<\/a><\/p>\n","protected":false},"author":1,"featured_media":0,"parent":0,"menu_order":0,"comment_status":"closed","ping_status":"closed","template":"","meta":[],"jetpack_sharing_enabled":true,"jetpack_shortlink":"https:\/\/wp.me\/P7OThW-19c","jetpack-related-posts":[{"id":3633,"url":"http:\/\/www.biolog.world\/en\/calendar\/","url_meta":{"origin":4414,"position":0},"title":"Calendar","date":"Monday August 20th, 2018","format":false,"excerpt":"","rel":"","context":"Similar post","img":{"alt_text":"","src":"","width":0,"height":0},"classes":[]},{"id":530,"url":"http:\/\/www.biolog.world\/en\/widerrufsbelehrung\/","url_meta":{"origin":4414,"position":1},"title":"Widerrufsbelehrung","date":"Monday May  8th, 2017","format":false,"excerpt":"Widerrufsbelehrung Widerrufsrecht Sie haben das Recht, binnen vierzehn Tagen ohne Angabe von Gr\u00fcnden diesen Vertrag zu widerrufen. Die Widerrufsfrist betr\u00e4gt vierzehn Tage ab dem Tag, an dem Sie oder ein von Ihnen benannter Dritter, der nicht der Bef\u00f6rderer ist, die Waren in Besitz genommen haben bzw. hat. Um Ihr Widerrufsrecht\u2026","rel":"","context":"Similar post","img":{"alt_text":"","src":"","width":0,"height":0},"classes":[]}],"_links":{"self":[{"href":"http:\/\/www.biolog.world\/en\/wp-json\/wp\/v2\/pages\/4414"}],"collection":[{"href":"http:\/\/www.biolog.world\/en\/wp-json\/wp\/v2\/pages"}],"about":[{"href":"http:\/\/www.biolog.world\/en\/wp-json\/wp\/v2\/types\/page"}],"author":[{"embeddable":true,"href":"http:\/\/www.biolog.world\/en\/wp-json\/wp\/v2\/users\/1"}],"replies":[{"embeddable":true,"href":"http:\/\/www.biolog.world\/en\/wp-json\/wp\/v2\/comments?post=4414"}],"version-history":[{"count":11,"href":"http:\/\/www.biolog.world\/en\/wp-json\/wp\/v2\/pages\/4414\/revisions"}],"predecessor-version":[{"id":4453,"href":"http:\/\/www.biolog.world\/en\/wp-json\/wp\/v2\/pages\/4414\/revisions\/4453"}],"wp:attachment":[{"href":"http:\/\/www.biolog.world\/en\/wp-json\/wp\/v2\/media?parent=4414"}],"curies":[{"name":"wp","href":"https:\/\/api.w.org\/{rel}","templated":true}]}}