{"id":43,"date":"2016-08-13T13:55:49","date_gmt":"2016-08-13T11:55:49","guid":{"rendered":"http:\/\/www.biolog.world\/?page_id=43"},"modified":"2020-01-05T21:38:41","modified_gmt":"2020-01-05T20:38:41","slug":"about-us","status":"publish","type":"page","link":"http:\/\/www.biolog.world\/en\/about-us\/","title":{"rendered":"about us"},"content":{"rendered":"<p><div id=\"slidingtabs_394\" class=\"slidingtabs contrast contrast-horizontal align_top\" ><div class=\"st_tabs\"><a href=\"#\" class=\"st_prev\">prev<\/a><a href=\"#\" class=\"st_next\">next<\/a><div class=\"st_tabs_wrap\"><ul class=\"st_tabs_ul\"><li class=\"st_li_first st_li_active\"><a href=\"#tab-1\" rel=\"tab-1\" class=\"st_tab st_tab_1 st_tab_first st_tab_active\">about us<\/a><\/li><li class=\"st_li_last\"><a href=\"#tab-2\" rel=\"tab-2\" class=\"st_tab st_tab_2 st_tab_last\">Contact details<\/a><\/li><\/ul><\/div><\/div><div class=\"st_views\"><div class=\"tab-1 st_view st_view_first\"><div class=\"st_view_inner\"><p>The accompaniment of growing parents,\u00a0the guidance\u00a0of a Montessori school for children aged 3 to 18, the accompanying implementation\u00a0of the plan for the earth\u2019s children of Maria Montessori, and the collaboration with renowned scientists, psychologists and philosophers form the combined\u00a0biographical experience of the employees of\u00a0<strong>biolog<\/strong>.<\/p>\n<p>Our website, <a href=\"http:\/\/www.dorfschule-montessorihaus.org\">www.dorfschule-montessorihaus.org<\/a>, provides information on our school initiatives, on <a href=\"http:\/\/www.spielraeume.org\">www.spielraeume.org<\/a>\u00a0you find our\u00a0education and training programs.<\/p>\n<p>With <strong>biolog<\/strong> we would like to focus on the further development of the \"cosmic curriculum\" according to Maria Montessori. A high science and a poetic atmosphere characterise this cosmic curriculum for the main educational years of young people.<\/p>\n<p>We are happy to share our experiences in the form of study courses, which are intensively concerned with these new ways of higher education.<\/p>\n<p>Successful education for us is to increase the traditional. Our work is to create the right environment, surroundings and atmospheres in which these children and young people can succeed.<\/p>\n<\/div><\/div><div class=\"tab-2 st_view\"><div class=\"st_view_inner\"><p><a href=\"http:\/\/www.biolog.world\"><strong>biolog<\/strong><\/a><br \/>\nUwe Kranner<br \/>\nKleineberharts 31<br \/>\n3830 Waidhofen an der Thaya<br \/>\nAustria<\/p>\n<p>Tel.: 0660 817 8004<br \/>\n<a href=\"office@biolog.world\">office@biolog.world<br \/>\n<\/a><br \/>\nUst.-ID-Nr.: ATU20356905<\/p>\n<p>Bankdetails:<br \/>\nName: Uwe Kranner<br \/>\nAccount: 57200990000<br \/>\nBank: Volksbank Nieder\u00f6sterreich AG<br \/>\nIBAN: AT494715057200990000<br \/>\nBIC: VBOEATWWNOM<\/p>\n<\/div><\/div><\/div><\/div><\/p>","protected":false},"excerpt":{"rendered":"","protected":false},"author":1,"featured_media":4146,"parent":0,"menu_order":5,"comment_status":"closed","ping_status":"closed","template":"page-templates\/full-width-page.php","meta":[],"jetpack_sharing_enabled":true,"jetpack_shortlink":"https:\/\/wp.me\/P7OThW-H","jetpack-related-posts":[{"id":104,"url":"http:\/\/www.biolog.world\/en\/kassa\/","url_meta":{"origin":43,"position":0},"title":"checkout","date":"Saturday August 13th, 2016","format":false,"excerpt":"","rel":"","context":"Similar post","img":{"alt_text":"","src":"","width":0,"height":0},"classes":[]},{"id":3633,"url":"http:\/\/www.biolog.world\/en\/calendar\/","url_meta":{"origin":43,"position":1},"title":"Calendar","date":"Monday August 20th, 2018","format":false,"excerpt":"","rel":"","context":"Similar post","img":{"alt_text":"","src":"","width":0,"height":0},"classes":[]},{"id":4414,"url":"http:\/\/www.biolog.world\/en\/infoabend-zum-studienlehrgang\/","url_meta":{"origin":43,"position":2},"title":"Infoabend zum Studienlehrgang","date":"Thursday September 16th, 2021","format":false,"excerpt":"Am 16. November 2021 (19:00-21:00) findet ein virtueller Informationsabend zum Studienlehrgang \u201evon allem sein\u201c\u00a0via ZOOM statt. Das Kursprogramm, der Kursort und der Ablauf dieser einzigartigen Veranstaltung werden vorgestellt und Fragen beantwortet. Die Teilnahme ist gratis. Sie k\u00f6nnen sich gerne mit unten stehendem Formular anmelden. Ein ZOOM-Link zur Veranstaltung wird Ihnen\u2026","rel":"","context":"Similar post","img":{"alt_text":"","src":"https:\/\/i0.wp.com\/www.biolog.world\/wp-content\/uploads\/2016\/11\/flats-ekkeroy-1024x685-300x201.jpg?resize=350%2C200","width":350,"height":200},"classes":[]},{"id":530,"url":"http:\/\/www.biolog.world\/en\/widerrufsbelehrung\/","url_meta":{"origin":43,"position":3},"title":"Widerrufsbelehrung","date":"Monday May  8th, 2017","format":false,"excerpt":"Widerrufsbelehrung Widerrufsrecht Sie haben das Recht, binnen vierzehn Tagen ohne Angabe von Gr\u00fcnden diesen Vertrag zu widerrufen. Die Widerrufsfrist betr\u00e4gt vierzehn Tage ab dem Tag, an dem Sie oder ein von Ihnen benannter Dritter, der nicht der Bef\u00f6rderer ist, die Waren in Besitz genommen haben bzw. hat. Um Ihr Widerrufsrecht\u2026","rel":"","context":"Similar post","img":{"alt_text":"","src":"","width":0,"height":0},"classes":[]},{"id":529,"url":"http:\/\/www.biolog.world\/en\/agb\/","url_meta":{"origin":43,"position":4},"title":"AGB","date":"Monday May  8th, 2017","format":false,"excerpt":"Sorry, this entry is only available in German. For the sake of viewer convenience, the content is shown below in the alternative language. You may click the link to switch the active language.Allgemeine Gesch\u00e4ftsbedingungen Vertragsbedingungen im Rahmen von Kaufvertr\u00e4gen die \u00fcber die Plattform\u00a0http:\/\/www.biolog.world zwischen biolog, Uwe Kranner Kleineberharts 31, 3830\u2026","rel":"","context":"Similar post","img":{"alt_text":"","src":"","width":0,"height":0},"classes":[]},{"id":100,"url":"http:\/\/www.biolog.world\/en\/sales\/","url_meta":{"origin":43,"position":5},"title":"sales","date":"Saturday August 13th, 2016","format":false,"excerpt":"","rel":"","context":"Similar post","img":{"alt_text":"","src":"","width":0,"height":0},"classes":[]}],"_links":{"self":[{"href":"http:\/\/www.biolog.world\/en\/wp-json\/wp\/v2\/pages\/43"}],"collection":[{"href":"http:\/\/www.biolog.world\/en\/wp-json\/wp\/v2\/pages"}],"about":[{"href":"http:\/\/www.biolog.world\/en\/wp-json\/wp\/v2\/types\/page"}],"author":[{"embeddable":true,"href":"http:\/\/www.biolog.world\/en\/wp-json\/wp\/v2\/users\/1"}],"replies":[{"embeddable":true,"href":"http:\/\/www.biolog.world\/en\/wp-json\/wp\/v2\/comments?post=43"}],"version-history":[{"count":12,"href":"http:\/\/www.biolog.world\/en\/wp-json\/wp\/v2\/pages\/43\/revisions"}],"predecessor-version":[{"id":4151,"href":"http:\/\/www.biolog.world\/en\/wp-json\/wp\/v2\/pages\/43\/revisions\/4151"}],"wp:featuredmedia":[{"embeddable":true,"href":"http:\/\/www.biolog.world\/en\/wp-json\/wp\/v2\/media\/4146"}],"wp:attachment":[{"href":"http:\/\/www.biolog.world\/en\/wp-json\/wp\/v2\/media?parent=43"}],"curies":[{"name":"wp","href":"https:\/\/api.w.org\/{rel}","templated":true}]}}