{"id":384,"date":"2017-01-05T09:50:01","date_gmt":"2017-01-05T08:50:01","guid":{"rendered":"http:\/\/www.biolog.world\/?page_id=384"},"modified":"2021-09-13T09:26:19","modified_gmt":"2021-09-13T07:26:19","slug":"home-2","status":"publish","type":"page","link":"http:\/\/www.biolog.world\/en\/","title":{"rendered":"home"},"content":{"rendered":"<p class=\"qtranxs-available-languages-message qtranxs-available-languages-message-en\">Sorry, this entry is only available in <a href=\"http:\/\/www.biolog.world\/de\/wp-json\/wp\/v2\/pages\/384\" class=\"qtranxs-available-language-link qtranxs-available-language-link-de\" title=\"Deutsch\">German<\/a>. For the sake of viewer convenience, the content is shown below in the alternative language. You may click the link to switch the active language.<\/p><p><script type=\"text\/javascript\">SG_POPUPS_QUEUE.splice(0, 0, 1);<\/script><\/p>","protected":false},"excerpt":{"rendered":"<p>Sorry, this entry is only available in German. For the sake of viewer convenience, the content is shown below in the alternative language. You may click the link to switch the active language.<\/p>\n","protected":false},"author":1,"featured_media":0,"parent":0,"menu_order":0,"comment_status":"closed","ping_status":"closed","template":"page-templates\/front-page.php","meta":[],"jetpack_sharing_enabled":true,"jetpack_shortlink":"https:\/\/wp.me\/P7OThW-6c","jetpack-related-posts":[{"id":529,"url":"http:\/\/www.biolog.world\/en\/agb\/","url_meta":{"origin":384,"position":0},"title":"AGB","date":"Monday May  8th, 2017","format":false,"excerpt":"Sorry, this entry is only available in German. For the sake of viewer convenience, the content is shown below in the alternative language. You may click the link to switch the active language.Allgemeine Gesch\u00e4ftsbedingungen Vertragsbedingungen im Rahmen von Kaufvertr\u00e4gen die \u00fcber die Plattform\u00a0http:\/\/www.biolog.world zwischen biolog, Uwe Kranner Kleineberharts 31, 3830\u2026","rel":"","context":"Similar post","img":{"alt_text":"","src":"","width":0,"height":0},"classes":[]},{"id":4414,"url":"http:\/\/www.biolog.world\/en\/infoabend-zum-studienlehrgang\/","url_meta":{"origin":384,"position":1},"title":"Infoabend zum Studienlehrgang","date":"Thursday September 16th, 2021","format":false,"excerpt":"Am 16. November 2021 (19:00-21:00) findet ein virtueller Informationsabend zum Studienlehrgang \u201evon allem sein\u201c\u00a0via ZOOM statt. Das Kursprogramm, der Kursort und der Ablauf dieser einzigartigen Veranstaltung werden vorgestellt und Fragen beantwortet. Die Teilnahme ist gratis. Sie k\u00f6nnen sich gerne mit unten stehendem Formular anmelden. Ein ZOOM-Link zur Veranstaltung wird Ihnen\u2026","rel":"","context":"Similar post","img":{"alt_text":"","src":"https:\/\/i0.wp.com\/www.biolog.world\/wp-content\/uploads\/2016\/11\/flats-ekkeroy-1024x685-300x201.jpg?resize=350%2C200","width":350,"height":200},"classes":[]},{"id":100,"url":"http:\/\/www.biolog.world\/en\/sales\/","url_meta":{"origin":384,"position":2},"title":"sales","date":"Saturday August 13th, 2016","format":false,"excerpt":"","rel":"","context":"Similar post","img":{"alt_text":"","src":"","width":0,"height":0},"classes":[]},{"id":104,"url":"http:\/\/www.biolog.world\/en\/kassa\/","url_meta":{"origin":384,"position":3},"title":"checkout","date":"Saturday August 13th, 2016","format":false,"excerpt":"","rel":"","context":"Similar post","img":{"alt_text":"","src":"","width":0,"height":0},"classes":[]},{"id":3633,"url":"http:\/\/www.biolog.world\/en\/calendar\/","url_meta":{"origin":384,"position":4},"title":"Calendar","date":"Monday August 20th, 2018","format":false,"excerpt":"","rel":"","context":"Similar post","img":{"alt_text":"","src":"","width":0,"height":0},"classes":[]},{"id":530,"url":"http:\/\/www.biolog.world\/en\/widerrufsbelehrung\/","url_meta":{"origin":384,"position":5},"title":"Widerrufsbelehrung","date":"Monday May  8th, 2017","format":false,"excerpt":"Widerrufsbelehrung Widerrufsrecht Sie haben das Recht, binnen vierzehn Tagen ohne Angabe von Gr\u00fcnden diesen Vertrag zu widerrufen. Die Widerrufsfrist betr\u00e4gt vierzehn Tage ab dem Tag, an dem Sie oder ein von Ihnen benannter Dritter, der nicht der Bef\u00f6rderer ist, die Waren in Besitz genommen haben bzw. hat. Um Ihr Widerrufsrecht\u2026","rel":"","context":"Similar post","img":{"alt_text":"","src":"","width":0,"height":0},"classes":[]}],"_links":{"self":[{"href":"http:\/\/www.biolog.world\/en\/wp-json\/wp\/v2\/pages\/384"}],"collection":[{"href":"http:\/\/www.biolog.world\/en\/wp-json\/wp\/v2\/pages"}],"about":[{"href":"http:\/\/www.biolog.world\/en\/wp-json\/wp\/v2\/types\/page"}],"author":[{"embeddable":true,"href":"http:\/\/www.biolog.world\/en\/wp-json\/wp\/v2\/users\/1"}],"replies":[{"embeddable":true,"href":"http:\/\/www.biolog.world\/en\/wp-json\/wp\/v2\/comments?post=384"}],"version-history":[{"count":5,"href":"http:\/\/www.biolog.world\/en\/wp-json\/wp\/v2\/pages\/384\/revisions"}],"predecessor-version":[{"id":4415,"href":"http:\/\/www.biolog.world\/en\/wp-json\/wp\/v2\/pages\/384\/revisions\/4415"}],"wp:attachment":[{"href":"http:\/\/www.biolog.world\/en\/wp-json\/wp\/v2\/media?parent=384"}],"curies":[{"name":"wp","href":"https:\/\/api.w.org\/{rel}","templated":true}]}}